{"id":4001,"date":"2025-02-26T18:00:33","date_gmt":"2025-02-26T18:00:33","guid":{"rendered":"https:\/\/hamacassayulita.com\/normas-y-reglamentos\/"},"modified":"2025-02-26T18:00:33","modified_gmt":"2025-02-26T18:00:33","slug":"normas-y-reglamentos","status":"publish","type":"page","link":"https:\/\/hamacassayulita.com\/es\/normas-y-reglamentos\/","title":{"rendered":"Normas y reglamentos"},"content":{"rendered":"<h3><strong>Estancia m\u00ednima<\/strong><\/h3>\n<p><em><strong>M\u00ednimo 4 noches.<\/strong><\/em><br \/>\nPodemos acomodar alquileres de 3 noches dependiendo de la disponibilidad<\/p>\n<p>&nbsp;<\/p>\n<h3><strong>La pol\u00edtica de cancelaci\u00f3n es la siguiente<\/strong><\/h3>\n<p>No aceptamos cancelaciones con menos de 3 meses de antelaci\u00f3n a la fecha de llegada. Si cancelas con menos de 3 meses de antelaci\u00f3n a la fecha de llegada, podemos ofrecerte un reembolso del 80% o una reprogramaci\u00f3n gratuita. Reembolsos del 100% si hay un cierre  <\/p>\n<p>&nbsp;<\/p>\n<h3><strong>Dep\u00f3sito de garant\u00eda por da\u00f1os  <\/strong><\/h3>\n<p>Requerimos que todas las Reservas paguen un Dep\u00f3sito de Seguridad por Da\u00f1os (REEMBOLSABLE) de 400 $, independientemente de la duraci\u00f3n de tu estancia. Si no hay objetos perdidos o da\u00f1ados, te devolveremos el importe 5 d\u00edas despu\u00e9s de la salida de los hu\u00e9spedes. <\/p>\n<hr>\n<p>&nbsp;<\/p>\n<h3><strong>Registro de entrada\/salida<\/strong><\/h3>\n<p><b>El horario de oficina es de lunes a viernes de 10.00 a 14.00 horas<\/b><b><\/b><\/p>\n<ul>\n<li style=\"font-weight: 400;\" aria-level=\"1\"><span style=\"font-weight: 400;\">La hora de entrada es despu\u00e9s de las 15:00 y hasta las 18:30.<\/span><\/li>\n<li style=\"font-weight: 400;\" aria-level=\"1\"><span style=\"font-weight: 400;\">Las entradas tard\u00edas se hacen con el guarda de seguridad.<\/span><\/li>\n<li style=\"font-weight: 400;\" aria-level=\"1\"><span style=\"font-weight: 400;\">Si te registras despu\u00e9s de las 18.30 h o en domingo, deber\u00e1s hacerlo al d\u00eda siguiente, de lunes a s\u00e1bado, en la oficina.<\/span><\/li>\n<\/ul>\n<p>&nbsp;<\/p>\n<h3><strong>Comprobaci\u00f3n<\/strong><\/h3>\n<p><b>Nuestra hora de salida es a las 11:00 h.<\/b><\/p>\n<ul>\n<li style=\"font-weight: 400;\" aria-level=\"1\"><span style=\"font-weight: 400;\">Si quieres pedir una hora de salida m\u00e1s tard\u00eda, consulta con la oficina para ver si podemos hacerlo.<\/span><\/li>\n<li style=\"font-weight: 400;\" aria-level=\"1\"><span style=\"font-weight: 400;\">Si la salida se realiza antes de las 11.00 h. o en domingo, cuando la oficina est\u00e1 cerrada, te rogamos que te pongas de acuerdo con la oficina con antelaci\u00f3n.<\/span><\/li>\n<li style=\"font-weight: 400;\" aria-level=\"1\"><span style=\"font-weight: 400;\">Una propina normal para una criada es de 500 Pesos a la semana o 100 Pesos al d\u00eda.<\/span><\/li>\n<\/ul>\n<p>&nbsp;<\/p>\n<h3><strong>Normas y reglamentos de Las Hamacas  <\/strong><\/h3>\n<ul>\n<li style=\"font-weight: 400;\" aria-level=\"1\"><span style=\"font-weight: 400;\">No est\u00e1 permitido fumar en los locales. Toda violaci\u00f3n de esta Ley ser\u00e1 sancionada con una multa. <\/span><\/li>\n<li style=\"font-weight: 400;\" aria-level=\"1\"><span style=\"font-weight: 400;\">Los hu\u00e9spedes no pueden tener mascotas en Las Hamacas . (s\u00f3lo los propietarios) <\/span><\/li>\n<li style=\"font-weight: 400;\" aria-level=\"1\"><span style=\"font-weight: 400;\">Todos los hu\u00e9spedes con beb\u00e9s deben llevar cubrepa\u00f1ales de pl\u00e1stico o goma para utilizar la piscina.<\/span><\/li>\n<li style=\"font-weight: 400;\" aria-level=\"1\"><span style=\"font-weight: 400;\">Si no guardas tus objetos de valor, joyas o documentos en la caja de seguridad disponible en la habitaci\u00f3n, Las Hamacas no asume ninguna responsabilidad por su posible desaparici\u00f3n.<\/span><\/li>\n<li style=\"font-weight: 400;\" aria-level=\"1\"><span style=\"font-weight: 400;\">Aseg\u00farate de cerrar la unidad al salir. No es necesario entregar la llave en recepci\u00f3n. Devu\u00e9lvela a la salida.  <\/span><\/li>\n<li style=\"font-weight: 400;\" aria-level=\"1\"><span style=\"font-weight: 400;\">En caso de p\u00e9rdida de las llaves, por favor, informa al personal de recepci\u00f3n del incidente, se cobrar\u00e1n 5$ por ello.<\/span><\/li>\n<li style=\"font-weight: 400;\" aria-level=\"1\"><span style=\"font-weight: 400;\">Por favor, aseg\u00farate de que no olvidas nada al pasar por caja.<\/span><\/li>\n<li style=\"font-weight: 400;\" aria-level=\"1\"><span style=\"font-weight: 400;\">Desaloja la habitaci\u00f3n antes de las 11.00 horas del d\u00eda de salida. LA ENTRADA ES A LAS 15 H <\/span><\/li>\n<li style=\"font-weight: 400;\" aria-level=\"1\"><span style=\"font-weight: 400;\">Por favor, informa al personal de recepci\u00f3n de una posible salida m\u00e1s tarde, si no tenemos otro hu\u00e9sped entrando en la unidad podemos permitir una salida m\u00e1s tarde.<\/span><\/li>\n<li style=\"font-weight: 400;\" aria-level=\"1\"><span style=\"font-weight: 400;\">Por favor, no molestes a otros hu\u00e9spedes con ruidos fuertes en las casas o zonas comunes, especialmente de 22:00 a 8:00 horas.<\/span><\/li>\n<li style=\"font-weight: 400;\" aria-level=\"1\"><span style=\"font-weight: 400;\">Informa inmediatamente al personal de recepci\u00f3n de cualquier aver\u00eda o fallo de cualquier aparato.<\/span><\/li>\n<li style=\"font-weight: 400;\" aria-level=\"1\"><span style=\"font-weight: 400;\">Por favor, cuida el inventario de la unidad y otros equipos. Todos los da\u00f1os intencionados que se produzcan durante tu estancia se cargar\u00e1n en tu cuenta. <\/span><\/li>\n<li style=\"font-weight: 400;\" aria-level=\"1\"><span style=\"font-weight: 400;\">El inventario de la unidad (almohadas, mantas, toallas, utensilios de cocina, etc.) est\u00e1 destinado a que lo utilices durante tu estancia en Las Hamacas y en esa unidad en concreto, y no se puede retirar ni llevar a otra unidad.<\/span><\/li>\n<li style=\"font-weight: 400;\" aria-level=\"1\"><span style=\"font-weight: 400;\">Unidades: Las unidades est\u00e1n amuebladas e inventariadas por nuestro Departamento de Limpieza con toallas, s\u00e1banas, vajilla, cristaler\u00eda, cuberter\u00eda de plata, ollas y sartenes y vajilla para tantos hu\u00e9spedes como se permitan en la unidad. El hu\u00e9sped es responsable de los da\u00f1os o de los art\u00edculos que falten y se le cobrar\u00e1 el precio de reposici\u00f3n. <\/span><\/li>\n<li style=\"font-weight: 400;\" aria-level=\"1\"><span style=\"font-weight: 400;\">Est\u00e1 prohibido colgar o guardar ropa, toallas u otros objetos en las barandillas de los balcones o porches. &#8211; Prohibido hacer barbacoas en los balcones. Hay parrillas de carb\u00f3n instaladas y disponibles en las zonas comunes o en algunas casas.  <\/span><\/li>\n<li style=\"font-weight: 400;\" aria-level=\"1\"><span style=\"font-weight: 400;\">No se permiten mascotas de ning\u00fan tipo en la propiedad por parte de los hu\u00e9spedes. Se cobrar\u00e1 una tasa de limpieza de 250,00 $. Adem\u00e1s, el hu\u00e9sped deber\u00e1 retirar la mascota de la propiedad inmediatamente cuando se le solicite.  <\/span><\/li>\n<li style=\"font-weight: 400;\" aria-level=\"1\"><span style=\"font-weight: 400;\">Los servicios de limpieza se prestan en d\u00edas alternos.<\/span><\/li>\n<li style=\"font-weight: 400;\" aria-level=\"1\"><span style=\"font-weight: 400;\">Piscinas: &#8211; Las piscinas y los jacuzzis est\u00e1n abiertos de 9.00 a 21.00 h. No se permiten fiestas en las piscinas a menos que se aprueben previamente por escrito en la oficina del Director. &#8211; No se permite comer ni beber (en el agua) en las piscinas ni en los jacuzzis. &#8211; No se permite m\u00fasica alta en las zonas de piscina. &#8211; No se permiten recipientes de vidrio en la zona de la piscina.   <\/span><\/li>\n<li style=\"font-weight: 400;\" aria-level=\"1\"><span style=\"font-weight: 400;\">Las horas de silencio son entre las 22:00 y las 8:00 horas. &#8211; S\u00f3lo se puede hacer barbacoa en las zonas designadas. Hay parrillas de carb\u00f3n instaladas y disponibles en la zona de la piscina\/palapa.  <\/span><\/li>\n<\/ul>\n<p><span style=\"font-weight: 400;\"> <\/span><\/p>\n<p><i><span style=\"font-weight: 400;\">GRACIAS<\/span><\/i><\/p>\n<p><span style=\"font-weight: 400;\">Cumplimiento\/Sanciones: Se ha establecido un sistema de sanciones para garantizar el cumplimiento de las Normas y Reglamentos expuestos en este documento. Pueden imponerse multas por infracciones de cualquiera de las normas anteriores, de acuerdo con el siguiente calendario: 1\u00aa infracci\u00f3n tras la primera advertencia: 50,00 Segunda infracci\u00f3n: 100,00 Tercera infracci\u00f3n y siguientes: Importe a determinar por la Junta Directiva de Las Hamacas . Se cargar\u00e1n en la tarjeta de cr\u00e9dito de los hu\u00e9spedes las sanciones o da\u00f1os causados a la unidad, al mobiliario interior y exterior o a cualquier equipamiento del complejo o de la unidad.  <\/span><\/p>\n<p>&nbsp;<\/p>\n<hr>\n<h3><\/h3>\n<h3><\/h3>\n<p>&nbsp;<\/p>\n<p>&nbsp;<\/p>\n","protected":false},"excerpt":{"rendered":"<p>Estancia m\u00ednima M\u00ednimo 4 noches. Podemos acomodar alquileres de 3 noches &#8230; <\/p>\n","protected":false},"author":1,"featured_media":0,"parent":0,"menu_order":0,"comment_status":"closed","ping_status":"open","template":"","meta":{"footnotes":""},"class_list":["post-4001","page","type-page","status-publish","hentry"],"yoast_head":"<!-- This site is optimized with the Yoast SEO plugin v27.1.1 - https:\/\/yoast.com\/product\/yoast-seo-wordpress\/ -->\n<title>Normas y reglamentos - Las Hamacas Sayulita<\/title>\n<meta name=\"robots\" content=\"index, follow, max-snippet:-1, max-image-preview:large, max-video-preview:-1\" \/>\n<link rel=\"canonical\" href=\"https:\/\/hamacassayulita.com\/es\/normas-y-reglamentos\/\" \/>\n<meta property=\"og:locale\" content=\"es_ES\" \/>\n<meta property=\"og:type\" content=\"article\" \/>\n<meta property=\"og:title\" content=\"Normas y reglamentos - Las Hamacas Sayulita\" \/>\n<meta property=\"og:description\" content=\"Estancia m\u00ednima M\u00ednimo 4 noches. Podemos acomodar alquileres de 3 noches ...\" \/>\n<meta property=\"og:url\" content=\"https:\/\/hamacassayulita.com\/es\/normas-y-reglamentos\/\" \/>\n<meta property=\"og:site_name\" content=\"Las Hamacas Sayulita\" \/>\n<meta property=\"og:image\" content=\"https:\/\/hamacassayulita.com\/wp-content\/uploads\/2025\/05\/las-hamacas-1.png\" \/>\n\t<meta property=\"og:image:width\" content=\"1080\" \/>\n\t<meta property=\"og:image:height\" content=\"1080\" \/>\n\t<meta property=\"og:image:type\" content=\"image\/png\" \/>\n<meta name=\"twitter:card\" content=\"summary_large_image\" \/>\n<meta name=\"twitter:label1\" content=\"Tiempo de lectura\" \/>\n\t<meta name=\"twitter:data1\" content=\"5 minutos\" \/>\n<script type=\"application\/ld+json\" class=\"yoast-schema-graph\">{\"@context\":\"https:\/\/schema.org\",\"@graph\":[{\"@type\":\"WebPage\",\"@id\":\"https:\/\/hamacassayulita.com\/es\/normas-y-reglamentos\/\",\"url\":\"https:\/\/hamacassayulita.com\/es\/normas-y-reglamentos\/\",\"name\":\"Normas y reglamentos - Las Hamacas Sayulita\",\"isPartOf\":{\"@id\":\"https:\/\/hamacassayulita.com\/es\/#website\"},\"datePublished\":\"2025-02-26T18:00:33+00:00\",\"breadcrumb\":{\"@id\":\"https:\/\/hamacassayulita.com\/es\/normas-y-reglamentos\/#breadcrumb\"},\"inLanguage\":\"es\",\"potentialAction\":[{\"@type\":\"ReadAction\",\"target\":[\"https:\/\/hamacassayulita.com\/es\/normas-y-reglamentos\/\"]}]},{\"@type\":\"BreadcrumbList\",\"@id\":\"https:\/\/hamacassayulita.com\/es\/normas-y-reglamentos\/#breadcrumb\",\"itemListElement\":[{\"@type\":\"ListItem\",\"position\":1,\"name\":\"Home\",\"item\":\"https:\/\/hamacassayulita.com\/es\/\"},{\"@type\":\"ListItem\",\"position\":2,\"name\":\"Normas y reglamentos\"}]},{\"@type\":\"WebSite\",\"@id\":\"https:\/\/hamacassayulita.com\/es\/#website\",\"url\":\"https:\/\/hamacassayulita.com\/es\/\",\"name\":\"Las Hamacas Sayulita Enchanting Villas for Rent in Sayulita\",\"description\":\"Enchanting Villas for Rent in Sayulita\",\"publisher\":{\"@id\":\"https:\/\/hamacassayulita.com\/es\/#organization\"},\"alternateName\":\"Las Hamacas Sayulita Villas for Rent\",\"potentialAction\":[{\"@type\":\"SearchAction\",\"target\":{\"@type\":\"EntryPoint\",\"urlTemplate\":\"https:\/\/hamacassayulita.com\/es\/?s={search_term_string}\"},\"query-input\":{\"@type\":\"PropertyValueSpecification\",\"valueRequired\":true,\"valueName\":\"search_term_string\"}}],\"inLanguage\":\"es\"},{\"@type\":\"Organization\",\"@id\":\"https:\/\/hamacassayulita.com\/es\/#organization\",\"name\":\"Las Hamacas Sayulita Enchanting Villas for Rent in Sayulita\",\"url\":\"https:\/\/hamacassayulita.com\/es\/\",\"logo\":{\"@type\":\"ImageObject\",\"inLanguage\":\"es\",\"@id\":\"https:\/\/hamacassayulita.com\/es\/#\/schema\/logo\/image\/\",\"url\":\"https:\/\/hamacassayulita.com\/wp-content\/uploads\/2025\/05\/las-hamacas-logo-2.png\",\"contentUrl\":\"https:\/\/hamacassayulita.com\/wp-content\/uploads\/2025\/05\/las-hamacas-logo-2.png\",\"width\":1182,\"height\":517,\"caption\":\"Las Hamacas Sayulita Enchanting Villas for Rent in Sayulita\"},\"image\":{\"@id\":\"https:\/\/hamacassayulita.com\/es\/#\/schema\/logo\/image\/\"}}]}<\/script>\n<!-- \/ Yoast SEO plugin. -->","yoast_head_json":{"title":"Normas y reglamentos - Las Hamacas Sayulita","robots":{"index":"index","follow":"follow","max-snippet":"max-snippet:-1","max-image-preview":"max-image-preview:large","max-video-preview":"max-video-preview:-1"},"canonical":"https:\/\/hamacassayulita.com\/es\/normas-y-reglamentos\/","og_locale":"es_ES","og_type":"article","og_title":"Normas y reglamentos - Las Hamacas Sayulita","og_description":"Estancia m\u00ednima M\u00ednimo 4 noches. Podemos acomodar alquileres de 3 noches ...","og_url":"https:\/\/hamacassayulita.com\/es\/normas-y-reglamentos\/","og_site_name":"Las Hamacas Sayulita","og_image":[{"width":1080,"height":1080,"url":"https:\/\/hamacassayulita.com\/wp-content\/uploads\/2025\/05\/las-hamacas-1.png","type":"image\/png"}],"twitter_card":"summary_large_image","twitter_misc":{"Tiempo de lectura":"5 minutos"},"schema":{"@context":"https:\/\/schema.org","@graph":[{"@type":"WebPage","@id":"https:\/\/hamacassayulita.com\/es\/normas-y-reglamentos\/","url":"https:\/\/hamacassayulita.com\/es\/normas-y-reglamentos\/","name":"Normas y reglamentos - Las Hamacas Sayulita","isPartOf":{"@id":"https:\/\/hamacassayulita.com\/es\/#website"},"datePublished":"2025-02-26T18:00:33+00:00","breadcrumb":{"@id":"https:\/\/hamacassayulita.com\/es\/normas-y-reglamentos\/#breadcrumb"},"inLanguage":"es","potentialAction":[{"@type":"ReadAction","target":["https:\/\/hamacassayulita.com\/es\/normas-y-reglamentos\/"]}]},{"@type":"BreadcrumbList","@id":"https:\/\/hamacassayulita.com\/es\/normas-y-reglamentos\/#breadcrumb","itemListElement":[{"@type":"ListItem","position":1,"name":"Home","item":"https:\/\/hamacassayulita.com\/es\/"},{"@type":"ListItem","position":2,"name":"Normas y reglamentos"}]},{"@type":"WebSite","@id":"https:\/\/hamacassayulita.com\/es\/#website","url":"https:\/\/hamacassayulita.com\/es\/","name":"Las Hamacas Sayulita Enchanting Villas for Rent in Sayulita","description":"Enchanting Villas for Rent in Sayulita","publisher":{"@id":"https:\/\/hamacassayulita.com\/es\/#organization"},"alternateName":"Las Hamacas Sayulita Villas for Rent","potentialAction":[{"@type":"SearchAction","target":{"@type":"EntryPoint","urlTemplate":"https:\/\/hamacassayulita.com\/es\/?s={search_term_string}"},"query-input":{"@type":"PropertyValueSpecification","valueRequired":true,"valueName":"search_term_string"}}],"inLanguage":"es"},{"@type":"Organization","@id":"https:\/\/hamacassayulita.com\/es\/#organization","name":"Las Hamacas Sayulita Enchanting Villas for Rent in Sayulita","url":"https:\/\/hamacassayulita.com\/es\/","logo":{"@type":"ImageObject","inLanguage":"es","@id":"https:\/\/hamacassayulita.com\/es\/#\/schema\/logo\/image\/","url":"https:\/\/hamacassayulita.com\/wp-content\/uploads\/2025\/05\/las-hamacas-logo-2.png","contentUrl":"https:\/\/hamacassayulita.com\/wp-content\/uploads\/2025\/05\/las-hamacas-logo-2.png","width":1182,"height":517,"caption":"Las Hamacas Sayulita Enchanting Villas for Rent in Sayulita"},"image":{"@id":"https:\/\/hamacassayulita.com\/es\/#\/schema\/logo\/image\/"}}]}},"_links":{"self":[{"href":"https:\/\/hamacassayulita.com\/es\/wp-json\/wp\/v2\/pages\/4001","targetHints":{"allow":["GET"]}}],"collection":[{"href":"https:\/\/hamacassayulita.com\/es\/wp-json\/wp\/v2\/pages"}],"about":[{"href":"https:\/\/hamacassayulita.com\/es\/wp-json\/wp\/v2\/types\/page"}],"author":[{"embeddable":true,"href":"https:\/\/hamacassayulita.com\/es\/wp-json\/wp\/v2\/users\/1"}],"replies":[{"embeddable":true,"href":"https:\/\/hamacassayulita.com\/es\/wp-json\/wp\/v2\/comments?post=4001"}],"version-history":[{"count":0,"href":"https:\/\/hamacassayulita.com\/es\/wp-json\/wp\/v2\/pages\/4001\/revisions"}],"wp:attachment":[{"href":"https:\/\/hamacassayulita.com\/es\/wp-json\/wp\/v2\/media?parent=4001"}],"curies":[{"name":"wp","href":"https:\/\/api.w.org\/{rel}","templated":true}]}}