{"id":3997,"date":"2025-04-01T23:22:17","date_gmt":"2025-04-01T23:22:17","guid":{"rendered":"https:\/\/hamacassayulita.com\/villas\/"},"modified":"2025-07-16T20:34:11","modified_gmt":"2025-07-16T20:34:11","slug":"villas","status":"publish","type":"page","link":"https:\/\/hamacassayulita.com\/es\/villas\/","title":{"rendered":"Villas"},"content":{"rendered":"\t\t<div data-elementor-type=\"wp-page\" data-elementor-id=\"3997\" class=\"elementor elementor-3997 elementor-1821\">\n\t\t\t\t\t\t<section class=\"elementor-section elementor-top-section elementor-element elementor-element-bc8d400 elementor-section-content-bottom elementor-section-full_width elementor-section-height-min-height elementor-section-stretched elementor-section-items-bottom elementor-section-height-default\" data-id=\"bc8d400\" data-element_type=\"section\" data-settings=\"{&quot;stretch_section&quot;:&quot;section-stretched&quot;,&quot;background_background&quot;:&quot;classic&quot;}\">\n\t\t\t\t\t\t\t<div class=\"elementor-background-overlay\"><\/div>\n\t\t\t\t\t\t\t<div class=\"elementor-container elementor-column-gap-no\">\n\t\t\t\t\t<div class=\"elementor-column elementor-col-100 elementor-top-column elementor-element elementor-element-f35b604 elementor-invisible\" data-id=\"f35b604\" data-element_type=\"column\" data-settings=\"{&quot;background_background&quot;:&quot;classic&quot;,&quot;animation&quot;:&quot;fadeInUp&quot;}\">\n\t\t\t<div class=\"elementor-widget-wrap\">\n\t\t\t\t\t\t\t<\/div>\n\t\t<\/div>\n\t\t\t\t\t<\/div>\n\t\t<\/section>\n\t\t\t\t<section class=\"elementor-section elementor-top-section elementor-element elementor-element-3e59160 elementor-section-content-middle elementor-section-full_width elementor-section-height-min-height elementor-section-stretched elementor-section-items-top elementor-section-height-default\" data-id=\"3e59160\" data-element_type=\"section\" data-settings=\"{&quot;stretch_section&quot;:&quot;section-stretched&quot;,&quot;background_background&quot;:&quot;classic&quot;}\">\n\t\t\t\t\t\t\t<div class=\"elementor-background-overlay\"><\/div>\n\t\t\t\t\t\t\t<div class=\"elementor-container elementor-column-gap-no\">\n\t\t\t\t\t<div class=\"elementor-column elementor-col-100 elementor-top-column elementor-element elementor-element-3f65e6e elementor-invisible\" data-id=\"3f65e6e\" data-element_type=\"column\" data-settings=\"{&quot;background_background&quot;:&quot;classic&quot;,&quot;animation&quot;:&quot;fadeInUp&quot;}\">\n\t\t\t<div class=\"elementor-widget-wrap elementor-element-populated\">\n\t\t\t\t\t\t<div class=\"elementor-element elementor-element-bcf8fd7 animated-slow elementor-invisible elementor-widget elementor-widget-cz_image\" data-id=\"bcf8fd7\" data-element_type=\"widget\" data-settings=\"{&quot;_animation&quot;:&quot;fadeInUp&quot;}\" data-widget_type=\"cz_image.default\">\n\t\t\t\t<div class=\"elementor-widget-container\">\n\t\t\t\t\t\r\n\t\t<div class=\"cz_image clr cz_image_no_fx center_on_mobile\">\r\n\r\n\t\t\t<div>\r\n\r\n\t\t\t\t<div class=\"cz_image_in\">\r\n\r\n\t\t\t\t\t<div class=\"cz_main_image\"><img fetchpriority=\"high\" decoding=\"async\" width=\"1080\" height=\"1080\" src=\"https:\/\/hamacassayulita.com\/wp-content\/uploads\/2025\/05\/las-hamacas-1.png\" class=\"attachment-full size-full wp-image-3025\" alt=\"\" srcset=\"https:\/\/hamacassayulita.com\/wp-content\/uploads\/2025\/05\/las-hamacas-1.png 1080w, https:\/\/hamacassayulita.com\/wp-content\/uploads\/2025\/05\/las-hamacas-1-300x300.png 300w, https:\/\/hamacassayulita.com\/wp-content\/uploads\/2025\/05\/las-hamacas-1-1024x1024.png 1024w, https:\/\/hamacassayulita.com\/wp-content\/uploads\/2025\/05\/las-hamacas-1-150x150.png 150w, https:\/\/hamacassayulita.com\/wp-content\/uploads\/2025\/05\/las-hamacas-1-768x768.png 768w, https:\/\/hamacassayulita.com\/wp-content\/uploads\/2025\/05\/las-hamacas-1-600x600.png 600w\" sizes=\"(max-width: 1080px) 100vw, 1080px\" \/><\/div>\r\n\r\n\t\t\t\t\t<div class=\"cz_hover_image\"><img fetchpriority=\"high\" decoding=\"async\" width=\"1080\" height=\"1080\" src=\"https:\/\/hamacassayulita.com\/wp-content\/uploads\/2025\/05\/las-hamacas-1.png\" class=\"attachment-full size-full wp-image-3025\" alt=\"\" srcset=\"https:\/\/hamacassayulita.com\/wp-content\/uploads\/2025\/05\/las-hamacas-1.png 1080w, https:\/\/hamacassayulita.com\/wp-content\/uploads\/2025\/05\/las-hamacas-1-300x300.png 300w, https:\/\/hamacassayulita.com\/wp-content\/uploads\/2025\/05\/las-hamacas-1-1024x1024.png 1024w, https:\/\/hamacassayulita.com\/wp-content\/uploads\/2025\/05\/las-hamacas-1-150x150.png 150w, https:\/\/hamacassayulita.com\/wp-content\/uploads\/2025\/05\/las-hamacas-1-768x768.png 768w, https:\/\/hamacassayulita.com\/wp-content\/uploads\/2025\/05\/las-hamacas-1-600x600.png 600w\" sizes=\"(max-width: 1080px) 100vw, 1080px\" \/><\/div>\r\n\t\t\t\t<\/div>\r\n\r\n\t\t\t\t\r\n\t\t\t<\/div>\r\n\r\n\t\t<\/div>\r\n\r\n\t\t\t\t\t\t<\/div>\n\t\t\t\t<\/div>\n\t\t\t\t<div class=\"elementor-element elementor-element-90ef222 elementor-widget elementor-widget-cz_title\" data-id=\"90ef222\" data-element_type=\"widget\" data-widget_type=\"cz_title.default\">\n\t\t\t\t<div class=\"elementor-widget-container\">\n\t\t\t\t\t\t\r\n\t\t<div>\r\n\t\t\t<div class=\"cz_title clr cz_mobile_text_center cz_title_pos_inline\"><div class=\"cz_title_content\"><div class=\"cz_wpe_content\"><h3>Nuestras <em>Casas<\/em><\/h3><h6>Un flujo natural de arquitectura mexicana del viejo mundo fusionado con curvas modernas<br>y un dise\u00f1o espacioso y acogedor. Las Hamacas es una colecci\u00f3n \u00fanica de seis<br>casas 3BR\/3BA de colores vibrantes y una Casita Estudio 1B\/1B situadas en el enclave de palmerales tropicales <br>de la playa norte de Sayulita.<\/h6><\/div><\/div><\/div>\r\n\t\t<\/div>\r\n\t\t\r\n\t\t\t\t\t\t<\/div>\n\t\t\t\t<\/div>\n\t\t\t\t<div class=\"elementor-element elementor-element-492b04c elementor-widget elementor-widget-cz_button\" data-id=\"492b04c\" data-element_type=\"widget\" data-widget_type=\"cz_button.default\">\n\t\t\t\t<div class=\"elementor-widget-container\">\n\t\t\t\t\t\t\t<div class=\"cz_btn_right cz_mobile_btn_center\">\r\n\t\t\t<div>\r\n\t\t\t\t<a  class=\"cz_btn cz_btn_txt_no_fx cz_btn_no_fx\">\r\n\r\n\t\t\t\t\t<span>\t\t\t\t\t\t<strong>TARIFAS Y DISPONIBILIDAD\t\t\t\t\t\t\t\t\t\t\t\t\t<\/strong>\r\n\t\t\t\t\t\t\t\t\t\t\t<\/span>\r\n\r\n\t\t\t\t\t<b class=\"cz_btn_onhover\">\r\n\t\t\t\t\t\t\t\t\t\t\t\t<strong>\r\n\t\t\t\t\t\t\tTARIFAS Y DISPONIBILIDAD\t\t\t\t\t\t\t\t\t\t\t\t\t<\/strong>\r\n\t\t\t\t\t\t\t\t\t\t\t<\/b>\r\n\r\n\t\t\t\t<\/a>\r\n\t\t\t<\/div>\r\n\t\t<\/div> <div class=\"clr\"><\/div>\t\t\t\t\t\t<\/div>\n\t\t\t\t<\/div>\n\t\t\t\t<div class=\"elementor-element elementor-element-f63c585 elementor-widget elementor-widget-cz_gallery\" data-id=\"f63c585\" data-element_type=\"widget\" data-widget_type=\"cz_gallery.default\">\n\t\t\t\t<div class=\"elementor-widget-container\">\n\t\t\t\t\t<div class=\"cz_grid_p\"><div class=\"cz_grid cz_grid_1 clr cz_grid_c3 cz_grid_1_title_sub_after cz_grid_1_no_hover cz_grid_two_columns_on_mobile\" data-gap=\"50\"><div class=\"cz_grid_item cz_grid_first\"><\/div><div class=\"cz_grid_item elementor-repeater-item-852e95f cz_gallery2\"><div><div class=\"cz_gallery_badge\">450 USD<\/div><a class=\"cz_grid_link \" aria-lable=\"Imagen: Casa serena\" href=\"https:\/\/hamacassayulita.com\/portfolio\/casa-serena-3br-3ba\/\"><img decoding=\"async\" width=\"600\" height=\"600\" src=\"https:\/\/hamacassayulita.com\/wp-content\/uploads\/2025\/04\/Casa-Serena-10-600x600.avif\" class=\"attachment-codevz_600_600 size-codevz_600_600 wp-image-2425\" alt=\"\" srcset=\"https:\/\/hamacassayulita.com\/wp-content\/uploads\/2025\/04\/Casa-Serena-10-600x600.avif 600w, https:\/\/hamacassayulita.com\/wp-content\/uploads\/2025\/04\/Casa-Serena-10-150x150.avif 150w\" sizes=\"(max-width: 600px) 100vw, 600px\" \/><div class=\"cz_grid_details\"><\/div><\/a><div class=\"cz_grid_details cz_grid_details_outside\"><a class=\"cz_grid_title\" href=\"https:\/\/hamacassayulita.com\/portfolio\/casa-serena-3br-3ba\/\"><h3>Casa serena<\/h3><\/a><small class=\"clr\"><i class=\"fa fa-users\" aria-hidden=\"true\"><\/i>  8 <i class=\"fa fa-bed\" aria-hidden=\"true\"><\/i> 3 <i class=\"fa fa-bath\" aria-hidden=\"true\"><\/i> 3  <\/small><\/div><\/div><\/div><div class=\"cz_grid_item elementor-repeater-item-1739f14 cz_gallery2\"><div><div class=\"cz_gallery_badge\">410 USD<\/div><a class=\"cz_grid_link \" aria-lable=\"Imagen: Casa pavo real  \" href=\"https:\/\/hamacassayulita.com\/portfolio\/casa-pavo-real\/\"><img decoding=\"async\" width=\"600\" height=\"600\" src=\"https:\/\/hamacassayulita.com\/wp-content\/uploads\/2025\/04\/Casa-Pavo-real-9-600x600.avif\" class=\"attachment-codevz_600_600 size-codevz_600_600 wp-image-2452\" alt=\"\" srcset=\"https:\/\/hamacassayulita.com\/wp-content\/uploads\/2025\/04\/Casa-Pavo-real-9-600x600.avif 600w, https:\/\/hamacassayulita.com\/wp-content\/uploads\/2025\/04\/Casa-Pavo-real-9-150x150.avif 150w\" sizes=\"(max-width: 600px) 100vw, 600px\" \/><div class=\"cz_grid_details\"><\/div><\/a><div class=\"cz_grid_details cz_grid_details_outside\"><a class=\"cz_grid_title\" href=\"https:\/\/hamacassayulita.com\/portfolio\/casa-pavo-real\/\"><h3>Casa pavo real  <\/h3><\/a><small class=\"clr\"><i class=\"fa fa-users\" aria-hidden=\"true\"><\/i>  8 <i class=\"fa fa-bed\" aria-hidden=\"true\"><\/i> 3 <i class=\"fa fa-bath\" aria-hidden=\"true\"><\/i> 3  <\/small><\/div><\/div><\/div><div class=\"cz_grid_item elementor-repeater-item-440af6e cz_gallery2\"><div><div class=\"cz_gallery_badge\">425 USD<\/div><a class=\"cz_grid_link \" aria-lable=\"Imagen: Casa enamorada\" href=\"https:\/\/hamacassayulita.com\/portfolio\/casa-enamorada-3br-3ba\/\"><img loading=\"lazy\" decoding=\"async\" width=\"600\" height=\"600\" src=\"https:\/\/hamacassayulita.com\/wp-content\/uploads\/2025\/04\/Casa-Enamorada-8-600x600.avif\" class=\"attachment-codevz_600_600 size-codevz_600_600 wp-image-2482\" alt=\"\" srcset=\"https:\/\/hamacassayulita.com\/wp-content\/uploads\/2025\/04\/Casa-Enamorada-8-600x600.avif 600w, https:\/\/hamacassayulita.com\/wp-content\/uploads\/2025\/04\/Casa-Enamorada-8-150x150.avif 150w\" sizes=\"(max-width: 600px) 100vw, 600px\" \/><div class=\"cz_grid_details\"><\/div><\/a><div class=\"cz_grid_details cz_grid_details_outside\"><a class=\"cz_grid_title\" href=\"https:\/\/hamacassayulita.com\/portfolio\/casa-enamorada-3br-3ba\/\"><h3>Casa enamorada<\/h3><\/a><small class=\"clr\"><i class=\"fa fa-users\" aria-hidden=\"true\"><\/i>  8 <i class=\"fa fa-bed\" aria-hidden=\"true\"><\/i> 3 <i class=\"fa fa-bath\" aria-hidden=\"true\"><\/i> 3  <\/small><\/div><\/div><\/div><div class=\"cz_grid_item elementor-repeater-item-209c5f6 cz_gallery2\"><div><div class=\"cz_gallery_badge\">410 USD<\/div><a class=\"cz_grid_link \" aria-lable=\"Imagen: Casa Garcetas\" href=\"https:\/\/hamacassayulita.com\/portfolio\/casa-garcetas-3br-3ba\/\"><img loading=\"lazy\" decoding=\"async\" width=\"600\" height=\"600\" src=\"https:\/\/hamacassayulita.com\/wp-content\/uploads\/2025\/04\/Casa-Garcetas-29-600x600.avif\" class=\"attachment-codevz_600_600 size-codevz_600_600 wp-image-2520\" alt=\"\" srcset=\"https:\/\/hamacassayulita.com\/wp-content\/uploads\/2025\/04\/Casa-Garcetas-29-600x600.avif 600w, https:\/\/hamacassayulita.com\/wp-content\/uploads\/2025\/04\/Casa-Garcetas-29-150x150.avif 150w\" sizes=\"(max-width: 600px) 100vw, 600px\" \/><div class=\"cz_grid_details\"><\/div><\/a><div class=\"cz_grid_details cz_grid_details_outside\"><a class=\"cz_grid_title\" href=\"https:\/\/hamacassayulita.com\/portfolio\/casa-garcetas-3br-3ba\/\"><h3>Casa Garcetas<\/h3><\/a><small class=\"clr\"><i class=\"fa fa-users\" aria-hidden=\"true\"><\/i>  8 <i class=\"fa fa-bed\" aria-hidden=\"true\"><\/i> 3 <i class=\"fa fa-bath\" aria-hidden=\"true\"><\/i> 3  <\/small><\/div><\/div><\/div><div class=\"cz_grid_item elementor-repeater-item-372a12a cz_gallery2\"><div><div class=\"cz_gallery_badge\">400 USD<\/div><a class=\"cz_grid_link \" aria-lable=\"Imagen: Casa Alegr\u00eda\" href=\"https:\/\/hamacassayulita.com\/portfolio\/casa-alegria-3r-3ba\/\"><img loading=\"lazy\" decoding=\"async\" width=\"600\" height=\"600\" src=\"https:\/\/hamacassayulita.com\/wp-content\/uploads\/2025\/04\/Casa-Alegria-22-600x600.avif\" class=\"attachment-codevz_600_600 size-codevz_600_600 wp-image-2553\" alt=\"\" srcset=\"https:\/\/hamacassayulita.com\/wp-content\/uploads\/2025\/04\/Casa-Alegria-22-600x600.avif 600w, https:\/\/hamacassayulita.com\/wp-content\/uploads\/2025\/04\/Casa-Alegria-22-150x150.avif 150w\" sizes=\"(max-width: 600px) 100vw, 600px\" \/><div class=\"cz_grid_details\"><\/div><\/a><div class=\"cz_grid_details cz_grid_details_outside\"><a class=\"cz_grid_title\" href=\"https:\/\/hamacassayulita.com\/portfolio\/casa-alegria-3r-3ba\/\"><h3>Casa Alegr\u00eda<\/h3><\/a><small class=\"clr\"><i class=\"fa fa-users\" aria-hidden=\"true\"><\/i>  8 <i class=\"fa fa-bed\" aria-hidden=\"true\"><\/i> 3 <i class=\"fa fa-bath\" aria-hidden=\"true\"><\/i> 3<\/small><\/div><\/div><\/div><div class=\"cz_grid_item elementor-repeater-item-921a698 cz_gallery2\"><div><div class=\"cz_gallery_badge\">95 USD<\/div><a class=\"cz_grid_link \" aria-lable=\"Imagen: Casita estudio  \" href=\"https:\/\/hamacassayulita.com\/portfolio\/casita-studio-1br-1ba\/\"><img loading=\"lazy\" decoding=\"async\" width=\"600\" height=\"600\" src=\"https:\/\/hamacassayulita.com\/wp-content\/uploads\/2025\/04\/Casita-Studio-4-600x600.avif\" class=\"attachment-codevz_600_600 size-codevz_600_600 wp-image-2569\" alt=\"\" srcset=\"https:\/\/hamacassayulita.com\/wp-content\/uploads\/2025\/04\/Casita-Studio-4-600x600.avif 600w, https:\/\/hamacassayulita.com\/wp-content\/uploads\/2025\/04\/Casita-Studio-4-150x150.avif 150w\" sizes=\"(max-width: 600px) 100vw, 600px\" \/><div class=\"cz_grid_details\"><\/div><\/a><div class=\"cz_grid_details cz_grid_details_outside\"><a class=\"cz_grid_title\" href=\"https:\/\/hamacassayulita.com\/portfolio\/casita-studio-1br-1ba\/\"><h3>Casita estudio  <\/h3><\/a><small class=\"clr\"><i class=\"fa fa-users\" aria-hidden=\"true\"><\/i>  2 <i class=\"fa fa-bed\" aria-hidden=\"true\"><\/i> 1 <i class=\"fa fa-bath\" aria-hidden=\"true\"><\/i> 1<\/small><\/div><\/div><\/div><\/div><\/div>\t\t\t\t<\/div>\n\t\t\t\t<\/div>\n\t\t\t\t\t<\/div>\n\t\t<\/div>\n\t\t\t\t\t<\/div>\n\t\t<\/section>\n\t\t<div class=\"elementor-element elementor-element-6fbaba2 e-flex e-con-boxed e-con e-parent\" data-id=\"6fbaba2\" data-element_type=\"container\">\n\t\t\t\t\t<div class=\"e-con-inner\">\n\t\t\t\t<div class=\"elementor-element elementor-element-8aa8015 elementor-widget elementor-widget-cz_gap\" data-id=\"8aa8015\" data-element_type=\"widget\" data-widget_type=\"cz_gap.default\">\n\t\t\t\t<div class=\"elementor-widget-container\">\n\t\t\t\t\t<div class=\"cz_gap clr\"><\/div>\t\t\t\t<\/div>\n\t\t\t\t<\/div>\n\t\t\t\t\t<\/div>\n\t\t\t\t<\/div>\n\t\t<div class=\"elementor-element elementor-element-c08eef7 e-flex e-con-boxed e-con e-parent\" data-id=\"c08eef7\" data-element_type=\"container\">\n\t\t\t\t\t<div class=\"e-con-inner\">\n\t\t\t\t<div class=\"elementor-element elementor-element-9539683 elementor-widget elementor-widget-cz_title\" data-id=\"9539683\" data-element_type=\"widget\" data-widget_type=\"cz_title.default\">\n\t\t\t\t<div class=\"elementor-widget-container\">\n\t\t\t\t\t\t\r\n\t\t<div>\r\n\t\t\t<div class=\"cz_title clr cz_title_pos_inline\"><div class=\"cz_title_content\"><div class=\"cz_wpe_content\"><h3>Tarifas y disponibilidad<\/h3><\/div><\/div><\/div>\r\n\t\t<\/div>\r\n\t\t\r\n\t\t\t\t\t\t<\/div>\n\t\t\t\t<\/div>\n\t\t\t\t<div class=\"elementor-element elementor-element-b21f8d2 elementor-widget elementor-widget-html\" data-id=\"b21f8d2\" data-element_type=\"widget\" data-widget_type=\"html.default\">\n\t\t\t\t<div class=\"elementor-widget-container\">\n\t\t\t\t\t<div class=\"ibe\" data-region=\"emea\" data-channelcode=\"lashamacas\" data-widget=\"property_grid\"><\/div>\t\t\t\t<\/div>\n\t\t\t\t<\/div>\n\t\t\t\t\t<\/div>\n\t\t\t\t<\/div>\n\t\t<div class=\"elementor-element elementor-element-6b93d7b e-flex e-con-boxed e-con e-parent\" data-id=\"6b93d7b\" data-element_type=\"container\">\n\t\t\t\t\t<div class=\"e-con-inner\">\n\t\t\t\t<div class=\"elementor-element elementor-element-c41d594 elementor-widget elementor-widget-cz_gap\" data-id=\"c41d594\" data-element_type=\"widget\" data-widget_type=\"cz_gap.default\">\n\t\t\t\t<div class=\"elementor-widget-container\">\n\t\t\t\t\t<div class=\"cz_gap clr\"><\/div>\t\t\t\t<\/div>\n\t\t\t\t<\/div>\n\t\t\t\t\t<\/div>\n\t\t\t\t<\/div>\n\t\t\t\t<\/div>\n\t\t","protected":false},"excerpt":{"rendered":"<p>Nuestras Casas Un flujo natural de arquitectura mexicana del viejo mundo &#8230; <\/p>\n","protected":false},"author":2,"featured_media":0,"parent":0,"menu_order":0,"comment_status":"closed","ping_status":"closed","template":"","meta":{"footnotes":""},"class_list":["post-3997","page","type-page","status-publish","hentry"],"yoast_head":"<!-- This site is optimized with the Yoast SEO plugin v27.1.1 - https:\/\/yoast.com\/product\/yoast-seo-wordpress\/ -->\n<title>Villas - Las Hamacas Sayulita<\/title>\n<meta name=\"robots\" content=\"index, follow, max-snippet:-1, max-image-preview:large, max-video-preview:-1\" \/>\n<link rel=\"canonical\" href=\"https:\/\/hamacassayulita.com\/es\/villas\/\" \/>\n<meta property=\"og:locale\" content=\"es_ES\" \/>\n<meta property=\"og:type\" content=\"article\" \/>\n<meta property=\"og:title\" content=\"Villas - Las Hamacas Sayulita\" \/>\n<meta property=\"og:description\" content=\"Nuestras Casas Un flujo natural de arquitectura mexicana del viejo mundo ...\" \/>\n<meta property=\"og:url\" content=\"https:\/\/hamacassayulita.com\/es\/villas\/\" \/>\n<meta property=\"og:site_name\" content=\"Las Hamacas Sayulita\" \/>\n<meta property=\"article:modified_time\" content=\"2025-07-16T20:34:11+00:00\" \/>\n<meta property=\"og:image\" content=\"https:\/\/hamacassayulita.com\/wp-content\/uploads\/2025\/05\/las-hamacas-1.png\" \/>\n\t<meta property=\"og:image:width\" content=\"1080\" \/>\n\t<meta property=\"og:image:height\" content=\"1080\" \/>\n\t<meta property=\"og:image:type\" content=\"image\/png\" \/>\n<meta name=\"twitter:card\" content=\"summary_large_image\" \/>\n<script type=\"application\/ld+json\" class=\"yoast-schema-graph\">{\"@context\":\"https:\/\/schema.org\",\"@graph\":[{\"@type\":\"WebPage\",\"@id\":\"https:\/\/hamacassayulita.com\/es\/villas\/\",\"url\":\"https:\/\/hamacassayulita.com\/es\/villas\/\",\"name\":\"Villas - Las Hamacas Sayulita\",\"isPartOf\":{\"@id\":\"https:\/\/hamacassayulita.com\/es\/#website\"},\"primaryImageOfPage\":{\"@id\":\"https:\/\/hamacassayulita.com\/es\/villas\/#primaryimage\"},\"image\":{\"@id\":\"https:\/\/hamacassayulita.com\/es\/villas\/#primaryimage\"},\"thumbnailUrl\":\"https:\/\/hamacassayulita.com\/wp-content\/uploads\/2025\/05\/las-hamacas-1.png\",\"datePublished\":\"2025-04-01T23:22:17+00:00\",\"dateModified\":\"2025-07-16T20:34:11+00:00\",\"breadcrumb\":{\"@id\":\"https:\/\/hamacassayulita.com\/es\/villas\/#breadcrumb\"},\"inLanguage\":\"es\",\"potentialAction\":[{\"@type\":\"ReadAction\",\"target\":[\"https:\/\/hamacassayulita.com\/es\/villas\/\"]}]},{\"@type\":\"ImageObject\",\"inLanguage\":\"es\",\"@id\":\"https:\/\/hamacassayulita.com\/es\/villas\/#primaryimage\",\"url\":\"https:\/\/hamacassayulita.com\/wp-content\/uploads\/2025\/05\/las-hamacas-1.png\",\"contentUrl\":\"https:\/\/hamacassayulita.com\/wp-content\/uploads\/2025\/05\/las-hamacas-1.png\"},{\"@type\":\"BreadcrumbList\",\"@id\":\"https:\/\/hamacassayulita.com\/es\/villas\/#breadcrumb\",\"itemListElement\":[{\"@type\":\"ListItem\",\"position\":1,\"name\":\"Home\",\"item\":\"https:\/\/hamacassayulita.com\/es\/\"},{\"@type\":\"ListItem\",\"position\":2,\"name\":\"Villas\"}]},{\"@type\":\"WebSite\",\"@id\":\"https:\/\/hamacassayulita.com\/es\/#website\",\"url\":\"https:\/\/hamacassayulita.com\/es\/\",\"name\":\"Las Hamacas Sayulita Enchanting Villas for Rent in Sayulita\",\"description\":\"Enchanting Villas for Rent in Sayulita\",\"publisher\":{\"@id\":\"https:\/\/hamacassayulita.com\/es\/#organization\"},\"alternateName\":\"Las Hamacas Sayulita Villas for Rent\",\"potentialAction\":[{\"@type\":\"SearchAction\",\"target\":{\"@type\":\"EntryPoint\",\"urlTemplate\":\"https:\/\/hamacassayulita.com\/es\/?s={search_term_string}\"},\"query-input\":{\"@type\":\"PropertyValueSpecification\",\"valueRequired\":true,\"valueName\":\"search_term_string\"}}],\"inLanguage\":\"es\"},{\"@type\":\"Organization\",\"@id\":\"https:\/\/hamacassayulita.com\/es\/#organization\",\"name\":\"Las Hamacas Sayulita Enchanting Villas for Rent in Sayulita\",\"url\":\"https:\/\/hamacassayulita.com\/es\/\",\"logo\":{\"@type\":\"ImageObject\",\"inLanguage\":\"es\",\"@id\":\"https:\/\/hamacassayulita.com\/es\/#\/schema\/logo\/image\/\",\"url\":\"https:\/\/hamacassayulita.com\/wp-content\/uploads\/2025\/05\/las-hamacas-logo-2.png\",\"contentUrl\":\"https:\/\/hamacassayulita.com\/wp-content\/uploads\/2025\/05\/las-hamacas-logo-2.png\",\"width\":1182,\"height\":517,\"caption\":\"Las Hamacas Sayulita Enchanting Villas for Rent in Sayulita\"},\"image\":{\"@id\":\"https:\/\/hamacassayulita.com\/es\/#\/schema\/logo\/image\/\"}}]}<\/script>\n<!-- \/ Yoast SEO plugin. -->","yoast_head_json":{"title":"Villas - Las Hamacas Sayulita","robots":{"index":"index","follow":"follow","max-snippet":"max-snippet:-1","max-image-preview":"max-image-preview:large","max-video-preview":"max-video-preview:-1"},"canonical":"https:\/\/hamacassayulita.com\/es\/villas\/","og_locale":"es_ES","og_type":"article","og_title":"Villas - Las Hamacas Sayulita","og_description":"Nuestras Casas Un flujo natural de arquitectura mexicana del viejo mundo ...","og_url":"https:\/\/hamacassayulita.com\/es\/villas\/","og_site_name":"Las Hamacas Sayulita","article_modified_time":"2025-07-16T20:34:11+00:00","og_image":[{"width":1080,"height":1080,"url":"https:\/\/hamacassayulita.com\/wp-content\/uploads\/2025\/05\/las-hamacas-1.png","type":"image\/png"}],"twitter_card":"summary_large_image","schema":{"@context":"https:\/\/schema.org","@graph":[{"@type":"WebPage","@id":"https:\/\/hamacassayulita.com\/es\/villas\/","url":"https:\/\/hamacassayulita.com\/es\/villas\/","name":"Villas - Las Hamacas Sayulita","isPartOf":{"@id":"https:\/\/hamacassayulita.com\/es\/#website"},"primaryImageOfPage":{"@id":"https:\/\/hamacassayulita.com\/es\/villas\/#primaryimage"},"image":{"@id":"https:\/\/hamacassayulita.com\/es\/villas\/#primaryimage"},"thumbnailUrl":"https:\/\/hamacassayulita.com\/wp-content\/uploads\/2025\/05\/las-hamacas-1.png","datePublished":"2025-04-01T23:22:17+00:00","dateModified":"2025-07-16T20:34:11+00:00","breadcrumb":{"@id":"https:\/\/hamacassayulita.com\/es\/villas\/#breadcrumb"},"inLanguage":"es","potentialAction":[{"@type":"ReadAction","target":["https:\/\/hamacassayulita.com\/es\/villas\/"]}]},{"@type":"ImageObject","inLanguage":"es","@id":"https:\/\/hamacassayulita.com\/es\/villas\/#primaryimage","url":"https:\/\/hamacassayulita.com\/wp-content\/uploads\/2025\/05\/las-hamacas-1.png","contentUrl":"https:\/\/hamacassayulita.com\/wp-content\/uploads\/2025\/05\/las-hamacas-1.png"},{"@type":"BreadcrumbList","@id":"https:\/\/hamacassayulita.com\/es\/villas\/#breadcrumb","itemListElement":[{"@type":"ListItem","position":1,"name":"Home","item":"https:\/\/hamacassayulita.com\/es\/"},{"@type":"ListItem","position":2,"name":"Villas"}]},{"@type":"WebSite","@id":"https:\/\/hamacassayulita.com\/es\/#website","url":"https:\/\/hamacassayulita.com\/es\/","name":"Las Hamacas Sayulita Enchanting Villas for Rent in Sayulita","description":"Enchanting Villas for Rent in Sayulita","publisher":{"@id":"https:\/\/hamacassayulita.com\/es\/#organization"},"alternateName":"Las Hamacas Sayulita Villas for Rent","potentialAction":[{"@type":"SearchAction","target":{"@type":"EntryPoint","urlTemplate":"https:\/\/hamacassayulita.com\/es\/?s={search_term_string}"},"query-input":{"@type":"PropertyValueSpecification","valueRequired":true,"valueName":"search_term_string"}}],"inLanguage":"es"},{"@type":"Organization","@id":"https:\/\/hamacassayulita.com\/es\/#organization","name":"Las Hamacas Sayulita Enchanting Villas for Rent in Sayulita","url":"https:\/\/hamacassayulita.com\/es\/","logo":{"@type":"ImageObject","inLanguage":"es","@id":"https:\/\/hamacassayulita.com\/es\/#\/schema\/logo\/image\/","url":"https:\/\/hamacassayulita.com\/wp-content\/uploads\/2025\/05\/las-hamacas-logo-2.png","contentUrl":"https:\/\/hamacassayulita.com\/wp-content\/uploads\/2025\/05\/las-hamacas-logo-2.png","width":1182,"height":517,"caption":"Las Hamacas Sayulita Enchanting Villas for Rent in Sayulita"},"image":{"@id":"https:\/\/hamacassayulita.com\/es\/#\/schema\/logo\/image\/"}}]}},"_links":{"self":[{"href":"https:\/\/hamacassayulita.com\/es\/wp-json\/wp\/v2\/pages\/3997","targetHints":{"allow":["GET"]}}],"collection":[{"href":"https:\/\/hamacassayulita.com\/es\/wp-json\/wp\/v2\/pages"}],"about":[{"href":"https:\/\/hamacassayulita.com\/es\/wp-json\/wp\/v2\/types\/page"}],"author":[{"embeddable":true,"href":"https:\/\/hamacassayulita.com\/es\/wp-json\/wp\/v2\/users\/2"}],"replies":[{"embeddable":true,"href":"https:\/\/hamacassayulita.com\/es\/wp-json\/wp\/v2\/comments?post=3997"}],"version-history":[{"count":5,"href":"https:\/\/hamacassayulita.com\/es\/wp-json\/wp\/v2\/pages\/3997\/revisions"}],"predecessor-version":[{"id":4028,"href":"https:\/\/hamacassayulita.com\/es\/wp-json\/wp\/v2\/pages\/3997\/revisions\/4028"}],"wp:attachment":[{"href":"https:\/\/hamacassayulita.com\/es\/wp-json\/wp\/v2\/media?parent=3997"}],"curies":[{"name":"wp","href":"https:\/\/api.w.org\/{rel}","templated":true}]}}